{"id":110,"date":"2018-08-08T04:42:46","date_gmt":"2018-08-08T04:42:46","guid":{"rendered":"https:\/\/demo.themegrill.com\/zakra-business\/?page_id=110"},"modified":"2020-07-22T06:56:32","modified_gmt":"2020-07-22T11:56:32","slug":"nosotros","status":"publish","type":"page","link":"https:\/\/fexcelencia.com\/solujuridica\/nosotros\/","title":{"rendered":"Nosotros"},"content":{"rendered":"\t\t<div data-elementor-type=\"wp-post\" data-elementor-id=\"110\" class=\"elementor elementor-110\">\n\t\t\t\t\t\t<section class=\"elementor-section elementor-top-section elementor-element elementor-element-e471cfd elementor-section-stretched elementor-section-boxed elementor-section-height-default elementor-section-height-default\" data-id=\"e471cfd\" data-element_type=\"section\" data-settings=\"{&quot;stretch_section&quot;:&quot;section-stretched&quot;,&quot;background_background&quot;:&quot;classic&quot;}\">\n\t\t\t\t\t\t<div class=\"elementor-container elementor-column-gap-default\">\n\t\t\t\t\t<div class=\"elementor-column elementor-col-33 elementor-top-column elementor-element elementor-element-a020d90\" data-id=\"a020d90\" data-element_type=\"column\">\n\t\t\t<div class=\"elementor-widget-wrap\">\n\t\t\t\t\t\t\t<\/div>\n\t\t<\/div>\n\t\t\t\t<div class=\"elementor-column elementor-col-33 elementor-top-column elementor-element elementor-element-3b829a3\" data-id=\"3b829a3\" data-element_type=\"column\">\n\t\t\t<div class=\"elementor-widget-wrap elementor-element-populated\">\n\t\t\t\t\t\t<div class=\"elementor-element elementor-element-5357501 elementor-widget elementor-widget-heading\" data-id=\"5357501\" data-element_type=\"widget\" data-widget_type=\"heading.default\">\n\t\t\t\t<div class=\"elementor-widget-container\">\n\t\t\t\t\t<h1 class=\"elementor-heading-title elementor-size-xl\">Nosotros<\/h1>\t\t\t\t<\/div>\n\t\t\t\t<\/div>\n\t\t\t\t<div class=\"elementor-element elementor-element-b107871 elementor-widget elementor-widget-text-editor\" data-id=\"b107871\" data-element_type=\"widget\" data-widget_type=\"text-editor.default\">\n\t\t\t\t<div class=\"elementor-widget-container\">\n\t\t\t\t\t\t\t\t\t<p style=\"text-align: left;\">Somos un equipo de profesionales multidisciplinarios con un alto nivel acad\u00e9mico en la cual ayudamos en conjunto en la asesor\u00eda para la realizaci\u00f3n de trabajos de grados, tesis de pregrado, posgrado, especializaci\u00f3n y doctorales a profesionales de diferentes disciplinas.<\/p><p style=\"text-align: left;\">Conocemos la responsabilidad que adquirimos con nuestros clientes a la hora de asesorar o gestionar parte de su trabajo de investigaci\u00f3n. Por ello, contamos con un equipo humano altamente cualificado y experimentado en cada uno de los \u00e1mbitos acad\u00e9micos en los que trabajamos.<\/p><p style=\"text-align: left;\">Aunado a esto podemos ayudarte en cualquiera de las fases en que te encuentres con la elaboraci\u00f3n de tu trabajo. Si a\u00fan no has podido comenzar a elaborar tu tesis, te ayudamos en la investigaci\u00f3n o redacci\u00f3n de la misma.<br \/>Somos un equipo comprometido con todos los proyectos en los que nos involucramos por lo que garantizamos que recibir\u00e1s el servicio que esperas con nosotros.<\/p>\t\t\t\t\t\t\t\t<\/div>\n\t\t\t\t<\/div>\n\t\t\t\t\t<\/div>\n\t\t<\/div>\n\t\t\t\t<div class=\"elementor-column elementor-col-33 elementor-top-column elementor-element elementor-element-b590d11\" data-id=\"b590d11\" data-element_type=\"column\">\n\t\t\t<div class=\"elementor-widget-wrap\">\n\t\t\t\t\t\t\t<\/div>\n\t\t<\/div>\n\t\t\t\t\t<\/div>\n\t\t<\/section>\n\t\t\t\t<section class=\"elementor-section elementor-top-section elementor-element elementor-element-a89cf9d elementor-section-stretched elementor-section-boxed elementor-section-height-default elementor-section-height-default\" data-id=\"a89cf9d\" data-element_type=\"section\" data-settings=\"{&quot;stretch_section&quot;:&quot;section-stretched&quot;,&quot;background_background&quot;:&quot;classic&quot;}\">\n\t\t\t\t\t\t<div class=\"elementor-container elementor-column-gap-default\">\n\t\t\t\t\t<div class=\"elementor-column elementor-col-50 elementor-top-column elementor-element elementor-element-459b9ef\" data-id=\"459b9ef\" data-element_type=\"column\">\n\t\t\t<div class=\"elementor-widget-wrap elementor-element-populated\">\n\t\t\t\t\t\t<div class=\"elementor-element elementor-element-926eadf elementor-widget elementor-widget-heading\" data-id=\"926eadf\" data-element_type=\"widget\" data-widget_type=\"heading.default\">\n\t\t\t\t<div class=\"elementor-widget-container\">\n\t\t\t\t\t<h1 class=\"elementor-heading-title elementor-size-xl\">Visi\u00f3n<\/h1>\t\t\t\t<\/div>\n\t\t\t\t<\/div>\n\t\t\t\t<div class=\"elementor-element elementor-element-d419e2f elementor-widget elementor-widget-text-editor\" data-id=\"d419e2f\" data-element_type=\"widget\" data-widget_type=\"text-editor.default\">\n\t\t\t\t<div class=\"elementor-widget-container\">\n\t\t\t\t\t\t\t\t\t<p style=\"text-align: left;\">Ser una empresa l\u00edder en el mercado a nivel nacional e internacional en dar asesor\u00eda de trabajos de grado a educandos, tesistas, egresados y profesionales tanto de pregrado como de posgrado, promoviendo el bienestar con base en los valores universales y conseguir la integridad del ser humano en la exploraci\u00f3n de una excelencia profesional.<\/p>\t\t\t\t\t\t\t\t<\/div>\n\t\t\t\t<\/div>\n\t\t\t\t\t<\/div>\n\t\t<\/div>\n\t\t\t\t<div class=\"elementor-column elementor-col-50 elementor-top-column elementor-element elementor-element-4dfcb3e\" data-id=\"4dfcb3e\" data-element_type=\"column\">\n\t\t\t<div class=\"elementor-widget-wrap elementor-element-populated\">\n\t\t\t\t\t\t<div class=\"elementor-element elementor-element-9ba5c6b elementor-widget elementor-widget-heading\" data-id=\"9ba5c6b\" data-element_type=\"widget\" data-widget_type=\"heading.default\">\n\t\t\t\t<div class=\"elementor-widget-container\">\n\t\t\t\t\t<h1 class=\"elementor-heading-title elementor-size-xl\">Misi\u00f3n<\/h1>\t\t\t\t<\/div>\n\t\t\t\t<\/div>\n\t\t\t\t<div class=\"elementor-element elementor-element-5df82da elementor-widget elementor-widget-text-editor\" data-id=\"5df82da\" data-element_type=\"widget\" data-widget_type=\"text-editor.default\">\n\t\t\t\t<div class=\"elementor-widget-container\">\n\t\t\t\t\t\t\t\t\t<p style=\"text-align: left;\">Alcanzar la formaci\u00f3n mediante la asesor\u00eda exhaustiva de trabajos de grado para educandos, tesistas, egresados y profesionales tanto de pregrado como de posgrado y desarrollo de carreras profesionales de clase mundial que causen la integridad en su quehacer personal y profesional, con disposici\u00f3n humana, el bien y la veracidad, para obtener la armon\u00eda, la bonanza y la tranquilidad en favor de la humanidad mediante la pr\u00e1ctica cotidiana de valores.<\/p>\t\t\t\t\t\t\t\t<\/div>\n\t\t\t\t<\/div>\n\t\t\t\t\t<\/div>\n\t\t<\/div>\n\t\t\t\t\t<\/div>\n\t\t<\/section>\n\t\t\t\t<\/div>\n\t\t","protected":false},"excerpt":{"rendered":"<p>Nosotros Somos un equipo de profesionales multidisciplinarios con un alto nivel acad&eacute;mico en la cual ayudamos en conjunto en la asesor&iacute;a para la realizaci&oacute;n de trabajos de grados, tesis de pregrado, posgrado, especializaci&oacute;n y doctorales a profesionales de diferentes disciplinas. Conocemos la responsabilidad que adquirimos con nuestros clientes a la hora de asesorar o gestionar [&hellip;]<\/p>\n","protected":false},"author":1,"featured_media":0,"parent":0,"menu_order":0,"comment_status":"closed","ping_status":"closed","template":"elementor_header_footer","meta":{"zakra_sidebar_layout":"centered","zakra_remove_content_margin":false,"zakra_sidebar":"customizer","zakra_transparent_header":"0","zakra_logo":0,"zakra_main_header_style":"default","zakra_menu_item_color":"","zakra_menu_item_hover_color":"","zakra_menu_item_active_color":"","zakra_menu_active_style":"style-1","zakra_page_header":false,"footnotes":""},"class_list":["post-110","page","type-page","status-publish","hentry"],"yoast_head":"<!-- This site is optimized with the Yoast SEO Premium plugin v24.8 (Yoast SEO v25.1) - https:\/\/yoast.com\/wordpress\/plugins\/seo\/ -->\n<title>Nosotros - Solujuridica<\/title>\n<meta name=\"robots\" content=\"index, follow, max-snippet:-1, max-image-preview:large, max-video-preview:-1\" \/>\n<link rel=\"canonical\" href=\"https:\/\/fexcelencia.com\/solujuridica\/nosotros\/\" \/>\n<meta property=\"og:locale\" content=\"es_ES\" \/>\n<meta property=\"og:type\" content=\"article\" \/>\n<meta property=\"og:title\" content=\"Nosotros\" \/>\n<meta property=\"og:description\" content=\"Nosotros Somos un equipo de profesionales multidisciplinarios con un alto nivel acad&eacute;mico en la cual ayudamos en conjunto en la asesor&iacute;a para la realizaci&oacute;n de trabajos de grados, tesis de pregrado, posgrado, especializaci&oacute;n y doctorales a profesionales de diferentes disciplinas. Conocemos la responsabilidad que adquirimos con nuestros clientes a la hora de asesorar o gestionar [&hellip;]\" \/>\n<meta property=\"og:url\" content=\"https:\/\/fexcelencia.com\/solujuridica\/nosotros\/\" \/>\n<meta property=\"og:site_name\" content=\"Solujuridica\" \/>\n<meta property=\"article:modified_time\" content=\"2020-07-22T11:56:32+00:00\" \/>\n<meta name=\"twitter:card\" content=\"summary_large_image\" \/>\n<meta name=\"twitter:label1\" content=\"Tiempo de lectura\" \/>\n\t<meta name=\"twitter:data1\" content=\"1 minuto\" \/>\n<script type=\"application\/ld+json\" class=\"yoast-schema-graph\">{\"@context\":\"https:\/\/schema.org\",\"@graph\":[{\"@type\":\"WebPage\",\"@id\":\"https:\/\/fexcelencia.com\/solujuridica\/nosotros\/\",\"url\":\"https:\/\/fexcelencia.com\/solujuridica\/nosotros\/\",\"name\":\"Nosotros - Solujuridica\",\"isPartOf\":{\"@id\":\"https:\/\/fexcelencia.com\/solujuridica\/#website\"},\"datePublished\":\"2018-08-08T04:42:46+00:00\",\"dateModified\":\"2020-07-22T11:56:32+00:00\",\"breadcrumb\":{\"@id\":\"https:\/\/fexcelencia.com\/solujuridica\/nosotros\/#breadcrumb\"},\"inLanguage\":\"es\",\"potentialAction\":[{\"@type\":\"ReadAction\",\"target\":[\"https:\/\/fexcelencia.com\/solujuridica\/nosotros\/\"]}]},{\"@type\":\"BreadcrumbList\",\"@id\":\"https:\/\/fexcelencia.com\/solujuridica\/nosotros\/#breadcrumb\",\"itemListElement\":[{\"@type\":\"ListItem\",\"position\":1,\"name\":\"Home\",\"item\":\"https:\/\/fexcelencia.com\/solujuridica\/\"},{\"@type\":\"ListItem\",\"position\":2,\"name\":\"Nosotros\"}]},{\"@type\":\"WebSite\",\"@id\":\"https:\/\/fexcelencia.com\/solujuridica\/#website\",\"url\":\"https:\/\/fexcelencia.com\/solujuridica\/\",\"name\":\"Asedelcaribe\",\"description\":\"Asesor\u00edas Profesionales del Caribe\",\"publisher\":{\"@id\":\"https:\/\/fexcelencia.com\/solujuridica\/#organization\"},\"potentialAction\":[{\"@type\":\"SearchAction\",\"target\":{\"@type\":\"EntryPoint\",\"urlTemplate\":\"https:\/\/fexcelencia.com\/solujuridica\/?s={search_term_string}\"},\"query-input\":{\"@type\":\"PropertyValueSpecification\",\"valueRequired\":true,\"valueName\":\"search_term_string\"}}],\"inLanguage\":\"es\"},{\"@type\":\"Organization\",\"@id\":\"https:\/\/fexcelencia.com\/solujuridica\/#organization\",\"name\":\"Asedelcaribe\",\"url\":\"https:\/\/fexcelencia.com\/solujuridica\/\",\"logo\":{\"@type\":\"ImageObject\",\"inLanguage\":\"es\",\"@id\":\"https:\/\/fexcelencia.com\/solujuridica\/#\/schema\/logo\/image\/\",\"url\":\"https:\/\/fexcelencia.com\/solujuridica\/wp-content\/uploads\/2021\/10\/cropped-cropped-Logo-SOLUJURIDICA.jpg\",\"contentUrl\":\"https:\/\/fexcelencia.com\/solujuridica\/wp-content\/uploads\/2021\/10\/cropped-cropped-Logo-SOLUJURIDICA.jpg\",\"width\":512,\"height\":512,\"caption\":\"Asedelcaribe\"},\"image\":{\"@id\":\"https:\/\/fexcelencia.com\/solujuridica\/#\/schema\/logo\/image\/\"}}]}<\/script>\n<!-- \/ Yoast SEO Premium plugin. -->","yoast_head_json":{"title":"Nosotros - Solujuridica","robots":{"index":"index","follow":"follow","max-snippet":"max-snippet:-1","max-image-preview":"max-image-preview:large","max-video-preview":"max-video-preview:-1"},"canonical":"https:\/\/fexcelencia.com\/solujuridica\/nosotros\/","og_locale":"es_ES","og_type":"article","og_title":"Nosotros","og_description":"Nosotros Somos un equipo de profesionales multidisciplinarios con un alto nivel acad&eacute;mico en la cual ayudamos en conjunto en la asesor&iacute;a para la realizaci&oacute;n de trabajos de grados, tesis de pregrado, posgrado, especializaci&oacute;n y doctorales a profesionales de diferentes disciplinas. Conocemos la responsabilidad que adquirimos con nuestros clientes a la hora de asesorar o gestionar [&hellip;]","og_url":"https:\/\/fexcelencia.com\/solujuridica\/nosotros\/","og_site_name":"Solujuridica","article_modified_time":"2020-07-22T11:56:32+00:00","twitter_card":"summary_large_image","twitter_misc":{"Tiempo de lectura":"1 minuto"},"schema":{"@context":"https:\/\/schema.org","@graph":[{"@type":"WebPage","@id":"https:\/\/fexcelencia.com\/solujuridica\/nosotros\/","url":"https:\/\/fexcelencia.com\/solujuridica\/nosotros\/","name":"Nosotros - Solujuridica","isPartOf":{"@id":"https:\/\/fexcelencia.com\/solujuridica\/#website"},"datePublished":"2018-08-08T04:42:46+00:00","dateModified":"2020-07-22T11:56:32+00:00","breadcrumb":{"@id":"https:\/\/fexcelencia.com\/solujuridica\/nosotros\/#breadcrumb"},"inLanguage":"es","potentialAction":[{"@type":"ReadAction","target":["https:\/\/fexcelencia.com\/solujuridica\/nosotros\/"]}]},{"@type":"BreadcrumbList","@id":"https:\/\/fexcelencia.com\/solujuridica\/nosotros\/#breadcrumb","itemListElement":[{"@type":"ListItem","position":1,"name":"Home","item":"https:\/\/fexcelencia.com\/solujuridica\/"},{"@type":"ListItem","position":2,"name":"Nosotros"}]},{"@type":"WebSite","@id":"https:\/\/fexcelencia.com\/solujuridica\/#website","url":"https:\/\/fexcelencia.com\/solujuridica\/","name":"Asedelcaribe","description":"Asesor\u00edas Profesionales del Caribe","publisher":{"@id":"https:\/\/fexcelencia.com\/solujuridica\/#organization"},"potentialAction":[{"@type":"SearchAction","target":{"@type":"EntryPoint","urlTemplate":"https:\/\/fexcelencia.com\/solujuridica\/?s={search_term_string}"},"query-input":{"@type":"PropertyValueSpecification","valueRequired":true,"valueName":"search_term_string"}}],"inLanguage":"es"},{"@type":"Organization","@id":"https:\/\/fexcelencia.com\/solujuridica\/#organization","name":"Asedelcaribe","url":"https:\/\/fexcelencia.com\/solujuridica\/","logo":{"@type":"ImageObject","inLanguage":"es","@id":"https:\/\/fexcelencia.com\/solujuridica\/#\/schema\/logo\/image\/","url":"https:\/\/fexcelencia.com\/solujuridica\/wp-content\/uploads\/2021\/10\/cropped-cropped-Logo-SOLUJURIDICA.jpg","contentUrl":"https:\/\/fexcelencia.com\/solujuridica\/wp-content\/uploads\/2021\/10\/cropped-cropped-Logo-SOLUJURIDICA.jpg","width":512,"height":512,"caption":"Asedelcaribe"},"image":{"@id":"https:\/\/fexcelencia.com\/solujuridica\/#\/schema\/logo\/image\/"}}]}},"_links":{"self":[{"href":"https:\/\/fexcelencia.com\/solujuridica\/wp-json\/wp\/v2\/pages\/110","targetHints":{"allow":["GET"]}}],"collection":[{"href":"https:\/\/fexcelencia.com\/solujuridica\/wp-json\/wp\/v2\/pages"}],"about":[{"href":"https:\/\/fexcelencia.com\/solujuridica\/wp-json\/wp\/v2\/types\/page"}],"author":[{"embeddable":true,"href":"https:\/\/fexcelencia.com\/solujuridica\/wp-json\/wp\/v2\/users\/1"}],"replies":[{"embeddable":true,"href":"https:\/\/fexcelencia.com\/solujuridica\/wp-json\/wp\/v2\/comments?post=110"}],"version-history":[{"count":0,"href":"https:\/\/fexcelencia.com\/solujuridica\/wp-json\/wp\/v2\/pages\/110\/revisions"}],"wp:attachment":[{"href":"https:\/\/fexcelencia.com\/solujuridica\/wp-json\/wp\/v2\/media?parent=110"}],"curies":[{"name":"wp","href":"https:\/\/api.w.org\/{rel}","templated":true}]}}