{"id":132,"date":"2018-08-08T05:50:30","date_gmt":"2018-08-08T05:50:30","guid":{"rendered":"https:\/\/demo.themegrill.com\/zakra-business\/?page_id=132"},"modified":"2020-07-21T15:27:28","modified_gmt":"2020-07-21T20:27:28","slug":"equipo","status":"publish","type":"page","link":"https:\/\/fexcelencia.com\/solujuridica\/equipo\/","title":{"rendered":"Equipo"},"content":{"rendered":"\t\t<div data-elementor-type=\"wp-post\" data-elementor-id=\"132\" class=\"elementor elementor-132\">\n\t\t\t\t\t\t<section class=\"elementor-section elementor-top-section elementor-element elementor-element-25cfdff0 elementor-section-stretched elementor-section-boxed elementor-section-height-default elementor-section-height-default\" data-id=\"25cfdff0\" data-element_type=\"section\" data-settings=\"{&quot;stretch_section&quot;:&quot;section-stretched&quot;,&quot;background_background&quot;:&quot;gradient&quot;}\">\n\t\t\t\t\t\t<div class=\"elementor-container elementor-column-gap-no\">\n\t\t\t\t\t<div class=\"elementor-column elementor-col-33 elementor-top-column elementor-element elementor-element-56dee71d\" data-id=\"56dee71d\" data-element_type=\"column\">\n\t\t\t<div class=\"elementor-widget-wrap\">\n\t\t\t\t\t\t\t<\/div>\n\t\t<\/div>\n\t\t\t\t<div class=\"elementor-column elementor-col-33 elementor-top-column elementor-element elementor-element-5062ea78\" data-id=\"5062ea78\" data-element_type=\"column\">\n\t\t\t<div class=\"elementor-widget-wrap elementor-element-populated\">\n\t\t\t\t\t\t<div class=\"elementor-element elementor-element-6c6bcaa2 elementor-widget elementor-widget-heading\" data-id=\"6c6bcaa2\" data-element_type=\"widget\" data-widget_type=\"heading.default\">\n\t\t\t\t<div class=\"elementor-widget-container\">\n\t\t\t\t\t<h1 class=\"elementor-heading-title elementor-size-xl\">Nuestro equipo<\/h1>\t\t\t\t<\/div>\n\t\t\t\t<\/div>\n\t\t\t\t<div class=\"elementor-element elementor-element-7a25efba elementor-widget elementor-widget-text-editor\" data-id=\"7a25efba\" data-element_type=\"widget\" data-widget_type=\"text-editor.default\">\n\t\t\t\t<div class=\"elementor-widget-container\">\n\t\t\t\t\t\t\t\t\t<p>Somos un equipo de profesionales multidisciplinarios con un alto nivel acad\u00e9mico en la cual ayudamos en conjunto en la asesor\u00eda para la realizaci\u00f3n de trabajos de grados, tesis de pregrado, posgrado, especializaci\u00f3n y doctorales a profesionales de diferentes disciplinas.<\/p>\t\t\t\t\t\t\t\t<\/div>\n\t\t\t\t<\/div>\n\t\t\t\t\t<\/div>\n\t\t<\/div>\n\t\t\t\t<div class=\"elementor-column elementor-col-33 elementor-top-column elementor-element elementor-element-2fdf57ef\" data-id=\"2fdf57ef\" data-element_type=\"column\">\n\t\t\t<div class=\"elementor-widget-wrap\">\n\t\t\t\t\t\t\t<\/div>\n\t\t<\/div>\n\t\t\t\t\t<\/div>\n\t\t<\/section>\n\t\t\t\t<section class=\"elementor-section elementor-top-section elementor-element elementor-element-497534f elementor-section-stretched elementor-section-boxed elementor-section-height-default elementor-section-height-default\" data-id=\"497534f\" data-element_type=\"section\" data-settings=\"{&quot;stretch_section&quot;:&quot;section-stretched&quot;}\">\n\t\t\t\t\t\t<div class=\"elementor-container elementor-column-gap-default\">\n\t\t\t\t\t<div class=\"elementor-column elementor-col-25 elementor-top-column elementor-element elementor-element-efd9a55\" data-id=\"efd9a55\" data-element_type=\"column\" data-settings=\"{&quot;background_background&quot;:&quot;classic&quot;}\">\n\t\t\t<div class=\"elementor-widget-wrap elementor-element-populated\">\n\t\t\t\t\t\t<div class=\"elementor-element elementor-element-4fdd57d elementor-widget elementor-widget-heading\" data-id=\"4fdd57d\" data-element_type=\"widget\" data-widget_type=\"heading.default\">\n\t\t\t\t<div class=\"elementor-widget-container\">\n\t\t\t\t\t<h4 class=\"elementor-heading-title elementor-size-medium\">JUDITH AMEDEC LINARES SOTO<\/h4>\t\t\t\t<\/div>\n\t\t\t\t<\/div>\n\t\t\t\t<div class=\"elementor-element elementor-element-6d51899 elementor-widget elementor-widget-text-editor\" data-id=\"6d51899\" data-element_type=\"widget\" data-widget_type=\"text-editor.default\">\n\t\t\t\t<div class=\"elementor-widget-container\">\n\t\t\t\t\t\t\t\t\t<p><span style=\"color: #4286f5;\">Ingeniera Geodesta<\/span><\/p>\t\t\t\t\t\t\t\t<\/div>\n\t\t\t\t<\/div>\n\t\t\t\t<div class=\"elementor-element elementor-element-9569c56 elementor-widget elementor-widget-text-editor\" data-id=\"9569c56\" data-element_type=\"widget\" data-widget_type=\"text-editor.default\">\n\t\t\t\t<div class=\"elementor-widget-container\">\n\t\t\t\t\t\t\t\t\t<p>INGENIERA GEODESTA<br \/>ESPECIALISTA EN METODOLOGIA DE LA INVESTIGACI\u00d2N<br \/>ESPECIALISTA EN GERENCIA FINANCIERA<br \/>MAGISTER EN GERENCIA DE RECURSOS HUMANOS<br \/>DOCTORA EN CIENCIAS SOCIALES<\/p><div>\u00a0<\/div>\t\t\t\t\t\t\t\t<\/div>\n\t\t\t\t<\/div>\n\t\t\t\t\t<\/div>\n\t\t<\/div>\n\t\t\t\t<div class=\"elementor-column elementor-col-25 elementor-top-column elementor-element elementor-element-f02eda1\" data-id=\"f02eda1\" data-element_type=\"column\" data-settings=\"{&quot;background_background&quot;:&quot;classic&quot;}\">\n\t\t\t<div class=\"elementor-widget-wrap elementor-element-populated\">\n\t\t\t\t\t\t<div class=\"elementor-element elementor-element-6877ee1 elementor-widget elementor-widget-heading\" data-id=\"6877ee1\" data-element_type=\"widget\" data-widget_type=\"heading.default\">\n\t\t\t\t<div class=\"elementor-widget-container\">\n\t\t\t\t\t<h4 class=\"elementor-heading-title elementor-size-medium\">RICARDO ENRIQUE REYES BRACHO<\/h4>\t\t\t\t<\/div>\n\t\t\t\t<\/div>\n\t\t\t\t<div class=\"elementor-element elementor-element-693523e elementor-widget elementor-widget-text-editor\" data-id=\"693523e\" data-element_type=\"widget\" data-widget_type=\"text-editor.default\">\n\t\t\t\t<div class=\"elementor-widget-container\">\n\t\t\t\t\t\t\t\t\t<p><span style=\"color: #4286f5;\">Gerencia ciencia y tecnolog\u00eda<\/span><\/p>\t\t\t\t\t\t\t\t<\/div>\n\t\t\t\t<\/div>\n\t\t\t\t<div class=\"elementor-element elementor-element-feea21f elementor-widget elementor-widget-text-editor\" data-id=\"feea21f\" data-element_type=\"widget\" data-widget_type=\"text-editor.default\">\n\t\t\t\t<div class=\"elementor-widget-container\">\n\t\t\t\t\t\t\t\t\t<p>BIBLIOTECOLOGO Y ARCHIVOLOGO<br \/>MAGISTER EN PLANIFICACI\u00d2N Y GERENCIA DE CIENCIA Y TECNOLOG\u00ccA<br \/>MAGISTER GERENCIA DE RECURSOS HUMANOS<br \/>DOCTOR EN CIENCIAS GERENCIALES<br \/>POSDOCTOR EN GERENCIA DE LAS ORGANIZACIONES<br \/>POSDOCTOR EN GERENCIA PARA LA EDUCACI\u00d2N SUPERIOR<\/p><div>\u00a0<\/div>\t\t\t\t\t\t\t\t<\/div>\n\t\t\t\t<\/div>\n\t\t\t\t\t<\/div>\n\t\t<\/div>\n\t\t\t\t<div class=\"elementor-column elementor-col-25 elementor-top-column elementor-element elementor-element-6d7ac9f\" data-id=\"6d7ac9f\" data-element_type=\"column\" data-settings=\"{&quot;background_background&quot;:&quot;classic&quot;}\">\n\t\t\t<div class=\"elementor-widget-wrap elementor-element-populated\">\n\t\t\t\t\t\t<div class=\"elementor-element elementor-element-80d1222 elementor-widget elementor-widget-heading\" data-id=\"80d1222\" data-element_type=\"widget\" data-widget_type=\"heading.default\">\n\t\t\t\t<div class=\"elementor-widget-container\">\n\t\t\t\t\t<h4 class=\"elementor-heading-title elementor-size-medium\">CARLOS EDUARDO P\u00c8REZ<\/h4>\t\t\t\t<\/div>\n\t\t\t\t<\/div>\n\t\t\t\t<div class=\"elementor-element elementor-element-7924b32 elementor-widget elementor-widget-text-editor\" data-id=\"7924b32\" data-element_type=\"widget\" data-widget_type=\"text-editor.default\">\n\t\t\t\t<div class=\"elementor-widget-container\">\n\t\t\t\t\t\t\t\t\t<p><span style=\"color: #4286f5;\">Gerencia de Recursos Humanos<\/span><\/p>\t\t\t\t\t\t\t\t<\/div>\n\t\t\t\t<\/div>\n\t\t\t\t<div class=\"elementor-element elementor-element-a2f8acb elementor-widget elementor-widget-text-editor\" data-id=\"a2f8acb\" data-element_type=\"widget\" data-widget_type=\"text-editor.default\">\n\t\t\t\t<div class=\"elementor-widget-container\">\n\t\t\t\t\t\t\t\t\t<p>LCDO. EN CONTADUR\u00ccA P\u00d9BLICA<br \/>MAGISTER EN GERENCIA DE RECURSOS HUMANOS<br \/>ESPECIALISTA EN FORMACI\u00d2N PARA INVESTIGADORES<br \/>ESPECIALISTA EN METODOLOG\u00ccA DE LA INVESTIGACI\u00d2N<br \/>DOCTOR EN EDUCACI\u00d2N<\/p><div>\u00a0<\/div>\t\t\t\t\t\t\t\t<\/div>\n\t\t\t\t<\/div>\n\t\t\t\t\t<\/div>\n\t\t<\/div>\n\t\t\t\t<div class=\"elementor-column elementor-col-25 elementor-top-column elementor-element elementor-element-a50d5ef\" data-id=\"a50d5ef\" data-element_type=\"column\" data-settings=\"{&quot;background_background&quot;:&quot;classic&quot;}\">\n\t\t\t<div class=\"elementor-widget-wrap elementor-element-populated\">\n\t\t\t\t\t\t<div class=\"elementor-element elementor-element-d8ca91b elementor-widget elementor-widget-heading\" data-id=\"d8ca91b\" data-element_type=\"widget\" data-widget_type=\"heading.default\">\n\t\t\t\t<div class=\"elementor-widget-container\">\n\t\t\t\t\t<h4 class=\"elementor-heading-title elementor-size-medium\">GUILLERMO SANABRIA PATERNINA<\/h4>\t\t\t\t<\/div>\n\t\t\t\t<\/div>\n\t\t\t\t<div class=\"elementor-element elementor-element-2edb8aa elementor-widget elementor-widget-text-editor\" data-id=\"2edb8aa\" data-element_type=\"widget\" data-widget_type=\"text-editor.default\">\n\t\t\t\t<div class=\"elementor-widget-container\">\n\t\t\t\t\t\t\t\t\t<p><span style=\"color: #4286f5;\">Gerencia General<\/span><\/p>\t\t\t\t\t\t\t\t<\/div>\n\t\t\t\t<\/div>\n\t\t\t\t<div class=\"elementor-element elementor-element-b2e04c8 elementor-widget elementor-widget-text-editor\" data-id=\"b2e04c8\" data-element_type=\"widget\" data-widget_type=\"text-editor.default\">\n\t\t\t\t<div class=\"elementor-widget-container\">\n\t\t\t\t\t\t\t\t\t<p>ABOGADO<br \/>MAGISTER GERENCIA EN RECURSOS HUMANOS<br \/>DOCTORANTE EN EDUCACI\u00d3N<\/p><div>\u00a0<\/div>\t\t\t\t\t\t\t\t<\/div>\n\t\t\t\t<\/div>\n\t\t\t\t\t<\/div>\n\t\t<\/div>\n\t\t\t\t\t<\/div>\n\t\t<\/section>\n\t\t\t\t<\/div>\n\t\t","protected":false},"excerpt":{"rendered":"<p>Nuestro equipo Somos un equipo de profesionales multidisciplinarios con un alto nivel acad&eacute;mico en la cual ayudamos en conjunto en la asesor&iacute;a para la realizaci&oacute;n de trabajos de grados, tesis de pregrado, posgrado, especializaci&oacute;n y doctorales a profesionales de diferentes disciplinas. JUDITH AMEDEC LINARES SOTO Ingeniera Geodesta INGENIERA GEODESTAESPECIALISTA EN METODOLOGIA DE LA INVESTIGACI&Ograve;NESPECIALISTA EN [&hellip;]<\/p>\n","protected":false},"author":1,"featured_media":0,"parent":0,"menu_order":0,"comment_status":"closed","ping_status":"closed","template":"elementor_header_footer","meta":{"zakra_sidebar_layout":"customizer","zakra_remove_content_margin":false,"zakra_sidebar":"customizer","zakra_transparent_header":"0","zakra_logo":0,"zakra_main_header_style":"default","zakra_menu_item_color":"","zakra_menu_item_hover_color":"","zakra_menu_item_active_color":"","zakra_menu_active_style":"","zakra_page_header":false,"footnotes":""},"class_list":["post-132","page","type-page","status-publish","hentry"],"yoast_head":"<!-- This site is optimized with the Yoast SEO Premium plugin v24.8 (Yoast SEO v25.1) - https:\/\/yoast.com\/wordpress\/plugins\/seo\/ -->\n<title>Equipo - Solujuridica<\/title>\n<meta name=\"robots\" content=\"index, follow, max-snippet:-1, max-image-preview:large, max-video-preview:-1\" \/>\n<link rel=\"canonical\" href=\"https:\/\/fexcelencia.com\/solujuridica\/equipo\/\" \/>\n<meta property=\"og:locale\" content=\"es_ES\" \/>\n<meta property=\"og:type\" content=\"article\" \/>\n<meta property=\"og:title\" content=\"Equipo\" \/>\n<meta property=\"og:description\" content=\"Nuestro equipo Somos un equipo de profesionales multidisciplinarios con un alto nivel acad&eacute;mico en la cual ayudamos en conjunto en la asesor&iacute;a para la realizaci&oacute;n de trabajos de grados, tesis de pregrado, posgrado, especializaci&oacute;n y doctorales a profesionales de diferentes disciplinas. JUDITH AMEDEC LINARES SOTO Ingeniera Geodesta INGENIERA GEODESTAESPECIALISTA EN METODOLOGIA DE LA INVESTIGACI&Ograve;NESPECIALISTA EN [&hellip;]\" \/>\n<meta property=\"og:url\" content=\"https:\/\/fexcelencia.com\/solujuridica\/equipo\/\" \/>\n<meta property=\"og:site_name\" content=\"Solujuridica\" \/>\n<meta property=\"article:modified_time\" content=\"2020-07-21T20:27:28+00:00\" \/>\n<meta name=\"twitter:card\" content=\"summary_large_image\" \/>\n<meta name=\"twitter:label1\" content=\"Tiempo de lectura\" \/>\n\t<meta name=\"twitter:data1\" content=\"1 minuto\" \/>\n<script type=\"application\/ld+json\" class=\"yoast-schema-graph\">{\"@context\":\"https:\/\/schema.org\",\"@graph\":[{\"@type\":\"WebPage\",\"@id\":\"https:\/\/fexcelencia.com\/solujuridica\/equipo\/\",\"url\":\"https:\/\/fexcelencia.com\/solujuridica\/equipo\/\",\"name\":\"Equipo - Solujuridica\",\"isPartOf\":{\"@id\":\"https:\/\/fexcelencia.com\/solujuridica\/#website\"},\"datePublished\":\"2018-08-08T05:50:30+00:00\",\"dateModified\":\"2020-07-21T20:27:28+00:00\",\"breadcrumb\":{\"@id\":\"https:\/\/fexcelencia.com\/solujuridica\/equipo\/#breadcrumb\"},\"inLanguage\":\"es\",\"potentialAction\":[{\"@type\":\"ReadAction\",\"target\":[\"https:\/\/fexcelencia.com\/solujuridica\/equipo\/\"]}]},{\"@type\":\"BreadcrumbList\",\"@id\":\"https:\/\/fexcelencia.com\/solujuridica\/equipo\/#breadcrumb\",\"itemListElement\":[{\"@type\":\"ListItem\",\"position\":1,\"name\":\"Home\",\"item\":\"https:\/\/fexcelencia.com\/solujuridica\/\"},{\"@type\":\"ListItem\",\"position\":2,\"name\":\"Equipo\"}]},{\"@type\":\"WebSite\",\"@id\":\"https:\/\/fexcelencia.com\/solujuridica\/#website\",\"url\":\"https:\/\/fexcelencia.com\/solujuridica\/\",\"name\":\"Asedelcaribe\",\"description\":\"Asesor\u00edas Profesionales del Caribe\",\"publisher\":{\"@id\":\"https:\/\/fexcelencia.com\/solujuridica\/#organization\"},\"potentialAction\":[{\"@type\":\"SearchAction\",\"target\":{\"@type\":\"EntryPoint\",\"urlTemplate\":\"https:\/\/fexcelencia.com\/solujuridica\/?s={search_term_string}\"},\"query-input\":{\"@type\":\"PropertyValueSpecification\",\"valueRequired\":true,\"valueName\":\"search_term_string\"}}],\"inLanguage\":\"es\"},{\"@type\":\"Organization\",\"@id\":\"https:\/\/fexcelencia.com\/solujuridica\/#organization\",\"name\":\"Asedelcaribe\",\"url\":\"https:\/\/fexcelencia.com\/solujuridica\/\",\"logo\":{\"@type\":\"ImageObject\",\"inLanguage\":\"es\",\"@id\":\"https:\/\/fexcelencia.com\/solujuridica\/#\/schema\/logo\/image\/\",\"url\":\"https:\/\/fexcelencia.com\/solujuridica\/wp-content\/uploads\/2021\/10\/cropped-cropped-Logo-SOLUJURIDICA.jpg\",\"contentUrl\":\"https:\/\/fexcelencia.com\/solujuridica\/wp-content\/uploads\/2021\/10\/cropped-cropped-Logo-SOLUJURIDICA.jpg\",\"width\":512,\"height\":512,\"caption\":\"Asedelcaribe\"},\"image\":{\"@id\":\"https:\/\/fexcelencia.com\/solujuridica\/#\/schema\/logo\/image\/\"}}]}<\/script>\n<!-- \/ Yoast SEO Premium plugin. -->","yoast_head_json":{"title":"Equipo - Solujuridica","robots":{"index":"index","follow":"follow","max-snippet":"max-snippet:-1","max-image-preview":"max-image-preview:large","max-video-preview":"max-video-preview:-1"},"canonical":"https:\/\/fexcelencia.com\/solujuridica\/equipo\/","og_locale":"es_ES","og_type":"article","og_title":"Equipo","og_description":"Nuestro equipo Somos un equipo de profesionales multidisciplinarios con un alto nivel acad&eacute;mico en la cual ayudamos en conjunto en la asesor&iacute;a para la realizaci&oacute;n de trabajos de grados, tesis de pregrado, posgrado, especializaci&oacute;n y doctorales a profesionales de diferentes disciplinas. JUDITH AMEDEC LINARES SOTO Ingeniera Geodesta INGENIERA GEODESTAESPECIALISTA EN METODOLOGIA DE LA INVESTIGACI&Ograve;NESPECIALISTA EN [&hellip;]","og_url":"https:\/\/fexcelencia.com\/solujuridica\/equipo\/","og_site_name":"Solujuridica","article_modified_time":"2020-07-21T20:27:28+00:00","twitter_card":"summary_large_image","twitter_misc":{"Tiempo de lectura":"1 minuto"},"schema":{"@context":"https:\/\/schema.org","@graph":[{"@type":"WebPage","@id":"https:\/\/fexcelencia.com\/solujuridica\/equipo\/","url":"https:\/\/fexcelencia.com\/solujuridica\/equipo\/","name":"Equipo - Solujuridica","isPartOf":{"@id":"https:\/\/fexcelencia.com\/solujuridica\/#website"},"datePublished":"2018-08-08T05:50:30+00:00","dateModified":"2020-07-21T20:27:28+00:00","breadcrumb":{"@id":"https:\/\/fexcelencia.com\/solujuridica\/equipo\/#breadcrumb"},"inLanguage":"es","potentialAction":[{"@type":"ReadAction","target":["https:\/\/fexcelencia.com\/solujuridica\/equipo\/"]}]},{"@type":"BreadcrumbList","@id":"https:\/\/fexcelencia.com\/solujuridica\/equipo\/#breadcrumb","itemListElement":[{"@type":"ListItem","position":1,"name":"Home","item":"https:\/\/fexcelencia.com\/solujuridica\/"},{"@type":"ListItem","position":2,"name":"Equipo"}]},{"@type":"WebSite","@id":"https:\/\/fexcelencia.com\/solujuridica\/#website","url":"https:\/\/fexcelencia.com\/solujuridica\/","name":"Asedelcaribe","description":"Asesor\u00edas Profesionales del Caribe","publisher":{"@id":"https:\/\/fexcelencia.com\/solujuridica\/#organization"},"potentialAction":[{"@type":"SearchAction","target":{"@type":"EntryPoint","urlTemplate":"https:\/\/fexcelencia.com\/solujuridica\/?s={search_term_string}"},"query-input":{"@type":"PropertyValueSpecification","valueRequired":true,"valueName":"search_term_string"}}],"inLanguage":"es"},{"@type":"Organization","@id":"https:\/\/fexcelencia.com\/solujuridica\/#organization","name":"Asedelcaribe","url":"https:\/\/fexcelencia.com\/solujuridica\/","logo":{"@type":"ImageObject","inLanguage":"es","@id":"https:\/\/fexcelencia.com\/solujuridica\/#\/schema\/logo\/image\/","url":"https:\/\/fexcelencia.com\/solujuridica\/wp-content\/uploads\/2021\/10\/cropped-cropped-Logo-SOLUJURIDICA.jpg","contentUrl":"https:\/\/fexcelencia.com\/solujuridica\/wp-content\/uploads\/2021\/10\/cropped-cropped-Logo-SOLUJURIDICA.jpg","width":512,"height":512,"caption":"Asedelcaribe"},"image":{"@id":"https:\/\/fexcelencia.com\/solujuridica\/#\/schema\/logo\/image\/"}}]}},"_links":{"self":[{"href":"https:\/\/fexcelencia.com\/solujuridica\/wp-json\/wp\/v2\/pages\/132","targetHints":{"allow":["GET"]}}],"collection":[{"href":"https:\/\/fexcelencia.com\/solujuridica\/wp-json\/wp\/v2\/pages"}],"about":[{"href":"https:\/\/fexcelencia.com\/solujuridica\/wp-json\/wp\/v2\/types\/page"}],"author":[{"embeddable":true,"href":"https:\/\/fexcelencia.com\/solujuridica\/wp-json\/wp\/v2\/users\/1"}],"replies":[{"embeddable":true,"href":"https:\/\/fexcelencia.com\/solujuridica\/wp-json\/wp\/v2\/comments?post=132"}],"version-history":[{"count":0,"href":"https:\/\/fexcelencia.com\/solujuridica\/wp-json\/wp\/v2\/pages\/132\/revisions"}],"wp:attachment":[{"href":"https:\/\/fexcelencia.com\/solujuridica\/wp-json\/wp\/v2\/media?parent=132"}],"curies":[{"name":"wp","href":"https:\/\/api.w.org\/{rel}","templated":true}]}}