{"id":355,"date":"2018-10-11T09:32:47","date_gmt":"2018-10-11T09:32:47","guid":{"rendered":"https:\/\/demo.themegrill.com\/zakra-business\/?page_id=355"},"modified":"2020-08-04T02:59:49","modified_gmt":"2020-08-04T07:59:49","slug":"servicios","status":"publish","type":"page","link":"https:\/\/fexcelencia.com\/solujuridica\/servicios\/","title":{"rendered":"Servicios"},"content":{"rendered":"\t\t<div data-elementor-type=\"wp-post\" data-elementor-id=\"355\" class=\"elementor elementor-355\">\n\t\t\t\t\t\t<section class=\"elementor-section elementor-top-section elementor-element elementor-element-8015e39 elementor-section-stretched elementor-section-boxed elementor-section-height-default elementor-section-height-default\" data-id=\"8015e39\" data-element_type=\"section\" data-settings=\"{&quot;stretch_section&quot;:&quot;section-stretched&quot;,&quot;background_background&quot;:&quot;classic&quot;}\">\n\t\t\t\t\t\t<div class=\"elementor-container elementor-column-gap-default\">\n\t\t\t\t\t<div class=\"elementor-column elementor-col-33 elementor-top-column elementor-element elementor-element-e97ddcb\" data-id=\"e97ddcb\" data-element_type=\"column\">\n\t\t\t<div class=\"elementor-widget-wrap\">\n\t\t\t\t\t\t\t<\/div>\n\t\t<\/div>\n\t\t\t\t<div class=\"elementor-column elementor-col-33 elementor-top-column elementor-element elementor-element-ed0dd70\" data-id=\"ed0dd70\" data-element_type=\"column\">\n\t\t\t<div class=\"elementor-widget-wrap elementor-element-populated\">\n\t\t\t\t\t\t<div class=\"elementor-element elementor-element-199e43f elementor-widget elementor-widget-heading\" data-id=\"199e43f\" data-element_type=\"widget\" data-widget_type=\"heading.default\">\n\t\t\t\t<div class=\"elementor-widget-container\">\n\t\t\t\t\t<h1 class=\"elementor-heading-title elementor-size-xl\">Nuestros Servicios<\/h1>\t\t\t\t<\/div>\n\t\t\t\t<\/div>\n\t\t\t\t<div class=\"elementor-element elementor-element-3aed241 elementor-widget elementor-widget-text-editor\" data-id=\"3aed241\" data-element_type=\"widget\" data-widget_type=\"text-editor.default\">\n\t\t\t\t<div class=\"elementor-widget-container\">\n\t\t\t\t\t\t\t\t\t<p>Somos un equipo de profesionales multidisciplinarios con un alto nivel acad\u00e9mico en la cual ayudamos en conjunto en la asesor\u00eda para la realizaci\u00f3n de trabajos de grados, tesis de pregrado, posgrado, especializaci\u00f3n y doctorales a profesionales de diferentes disciplinas.<\/p>\t\t\t\t\t\t\t\t<\/div>\n\t\t\t\t<\/div>\n\t\t\t\t\t<\/div>\n\t\t<\/div>\n\t\t\t\t<div class=\"elementor-column elementor-col-33 elementor-top-column elementor-element elementor-element-08e9fbd\" data-id=\"08e9fbd\" data-element_type=\"column\">\n\t\t\t<div class=\"elementor-widget-wrap\">\n\t\t\t\t\t\t\t<\/div>\n\t\t<\/div>\n\t\t\t\t\t<\/div>\n\t\t<\/section>\n\t\t\t\t<section class=\"elementor-section elementor-top-section elementor-element elementor-element-74e4a3fa elementor-section-boxed elementor-section-height-default elementor-section-height-default\" data-id=\"74e4a3fa\" data-element_type=\"section\" data-settings=\"{&quot;background_background&quot;:&quot;classic&quot;}\">\n\t\t\t\t\t\t<div class=\"elementor-container elementor-column-gap-default\">\n\t\t\t\t\t<div class=\"elementor-column elementor-col-33 elementor-top-column elementor-element elementor-element-556043fc\" data-id=\"556043fc\" data-element_type=\"column\">\n\t\t\t<div class=\"elementor-widget-wrap elementor-element-populated\">\n\t\t\t\t\t\t<div class=\"elementor-element elementor-element-1e6076ca elementor-view-default elementor-widget elementor-widget-icon\" data-id=\"1e6076ca\" data-element_type=\"widget\" data-widget_type=\"icon.default\">\n\t\t\t\t<div class=\"elementor-widget-container\">\n\t\t\t\t\t\t\t<div class=\"elementor-icon-wrapper\">\n\t\t\t<div class=\"elementor-icon\">\n\t\t\t<i aria-hidden=\"true\" class=\"far fa-building\"><\/i>\t\t\t<\/div>\n\t\t<\/div>\n\t\t\t\t\t\t<\/div>\n\t\t\t\t<\/div>\n\t\t\t\t<div class=\"elementor-element elementor-element-38e53312 elementor-widget elementor-widget-heading\" data-id=\"38e53312\" data-element_type=\"widget\" data-widget_type=\"heading.default\">\n\t\t\t\t<div class=\"elementor-widget-container\">\n\t\t\t\t\t<h4 class=\"elementor-heading-title elementor-size-default\">Construimos desde cero<\/h4>\t\t\t\t<\/div>\n\t\t\t\t<\/div>\n\t\t\t\t<div class=\"elementor-element elementor-element-71d78386 elementor-widget elementor-widget-text-editor\" data-id=\"71d78386\" data-element_type=\"widget\" data-widget_type=\"text-editor.default\">\n\t\t\t\t<div class=\"elementor-widget-container\">\n\t\t\t\t\t\t\t\t\t<p>Nuestros sistemas est\u00e1n construidos desde cero para proporcionar un rendimiento sin igual y un trabajo en equipo r\u00e1pido.<\/p>\t\t\t\t\t\t\t\t<\/div>\n\t\t\t\t<\/div>\n\t\t\t\t\t<\/div>\n\t\t<\/div>\n\t\t\t\t<div class=\"elementor-column elementor-col-33 elementor-top-column elementor-element elementor-element-5c3144be\" data-id=\"5c3144be\" data-element_type=\"column\">\n\t\t\t<div class=\"elementor-widget-wrap elementor-element-populated\">\n\t\t\t\t\t\t<div class=\"elementor-element elementor-element-3ad595b7 elementor-view-default elementor-widget elementor-widget-icon\" data-id=\"3ad595b7\" data-element_type=\"widget\" data-widget_type=\"icon.default\">\n\t\t\t\t<div class=\"elementor-widget-container\">\n\t\t\t\t\t\t\t<div class=\"elementor-icon-wrapper\">\n\t\t\t<div class=\"elementor-icon\">\n\t\t\t\t\t\t\t<i class=\"fa fa-pie-chart\" aria-hidden=\"true\"><\/i>\n\t\t\t\t\t\t<\/div>\n\t\t<\/div>\n\t\t\t\t\t\t<\/div>\n\t\t\t\t<\/div>\n\t\t\t\t<div class=\"elementor-element elementor-element-502ced5d elementor-widget elementor-widget-heading\" data-id=\"502ced5d\" data-element_type=\"widget\" data-widget_type=\"heading.default\">\n\t\t\t\t<div class=\"elementor-widget-container\">\n\t\t\t\t\t<h4 class=\"elementor-heading-title elementor-size-default\">Estrategias profesionales<\/h4>\t\t\t\t<\/div>\n\t\t\t\t<\/div>\n\t\t\t\t<div class=\"elementor-element elementor-element-8be4a4c elementor-widget elementor-widget-text-editor\" data-id=\"8be4a4c\" data-element_type=\"widget\" data-widget_type=\"text-editor.default\">\n\t\t\t\t<div class=\"elementor-widget-container\">\n\t\t\t\t\t\t\t\t\t<p>Nuestra asesor\u00eda no solo lo guiar\u00e1 para la mejor estrategia de marketing, sino que tambi\u00e9n lo automatizar\u00e1 para usted y su empresa.<\/p>\t\t\t\t\t\t\t\t<\/div>\n\t\t\t\t<\/div>\n\t\t\t\t\t<\/div>\n\t\t<\/div>\n\t\t\t\t<div class=\"elementor-column elementor-col-33 elementor-top-column elementor-element elementor-element-65410aff\" data-id=\"65410aff\" data-element_type=\"column\">\n\t\t\t<div class=\"elementor-widget-wrap elementor-element-populated\">\n\t\t\t\t\t\t<div class=\"elementor-element elementor-element-c355b7e elementor-view-default elementor-widget elementor-widget-icon\" data-id=\"c355b7e\" data-element_type=\"widget\" data-widget_type=\"icon.default\">\n\t\t\t\t<div class=\"elementor-widget-container\">\n\t\t\t\t\t\t\t<div class=\"elementor-icon-wrapper\">\n\t\t\t<div class=\"elementor-icon\">\n\t\t\t\t\t\t\t<i class=\"fa fa-lightbulb-o\" aria-hidden=\"true\"><\/i>\n\t\t\t\t\t\t<\/div>\n\t\t<\/div>\n\t\t\t\t\t\t<\/div>\n\t\t\t\t<\/div>\n\t\t\t\t<div class=\"elementor-element elementor-element-5817bf4b elementor-widget elementor-widget-heading\" data-id=\"5817bf4b\" data-element_type=\"widget\" data-widget_type=\"heading.default\">\n\t\t\t\t<div class=\"elementor-widget-container\">\n\t\t\t\t\t<h4 class=\"elementor-heading-title elementor-size-default\">Poderosas ideas<\/h4>\t\t\t\t<\/div>\n\t\t\t\t<\/div>\n\t\t\t\t<div class=\"elementor-element elementor-element-5610eaf6 elementor-widget elementor-widget-text-editor\" data-id=\"5610eaf6\" data-element_type=\"widget\" data-widget_type=\"text-editor.default\">\n\t\t\t\t<div class=\"elementor-widget-container\">\n\t\t\t\t\t\t\t\t\t<p>Es un concepto cuya finalidad es potenciar el aprendizaje de tal manera que lo aprendido sea interiorizado f\u00e1cilmente por los participantes y que dicho aprendizaje en formato de idea pueda llevarse r\u00e1pidamente a la acci\u00f3n.<\/p>\t\t\t\t\t\t\t\t<\/div>\n\t\t\t\t<\/div>\n\t\t\t\t\t<\/div>\n\t\t<\/div>\n\t\t\t\t\t<\/div>\n\t\t<\/section>\n\t\t\t\t<section class=\"elementor-section elementor-top-section elementor-element elementor-element-221dc42 elementor-section-boxed elementor-section-height-default elementor-section-height-default\" data-id=\"221dc42\" data-element_type=\"section\" data-settings=\"{&quot;background_background&quot;:&quot;classic&quot;}\">\n\t\t\t\t\t\t<div class=\"elementor-container elementor-column-gap-default\">\n\t\t\t\t\t<div class=\"elementor-column elementor-col-33 elementor-top-column elementor-element elementor-element-1c07014\" data-id=\"1c07014\" data-element_type=\"column\">\n\t\t\t<div class=\"elementor-widget-wrap elementor-element-populated\">\n\t\t\t\t\t\t<div class=\"elementor-element elementor-element-bda9878 elementor-view-default elementor-widget elementor-widget-icon\" data-id=\"bda9878\" data-element_type=\"widget\" data-widget_type=\"icon.default\">\n\t\t\t\t<div class=\"elementor-widget-container\">\n\t\t\t\t\t\t\t<div class=\"elementor-icon-wrapper\">\n\t\t\t<div class=\"elementor-icon\">\n\t\t\t\t\t\t\t<i class=\"fa fa-users\" aria-hidden=\"true\"><\/i>\n\t\t\t\t\t\t<\/div>\n\t\t<\/div>\n\t\t\t\t\t\t<\/div>\n\t\t\t\t<\/div>\n\t\t\t\t<div class=\"elementor-element elementor-element-3ab4dbd elementor-widget elementor-widget-heading\" data-id=\"3ab4dbd\" data-element_type=\"widget\" data-widget_type=\"heading.default\">\n\t\t\t\t<div class=\"elementor-widget-container\">\n\t\t\t\t\t<h4 class=\"elementor-heading-title elementor-size-default\">Contables<\/h4>\t\t\t\t<\/div>\n\t\t\t\t<\/div>\n\t\t\t\t<div class=\"elementor-element elementor-element-ea0e092 elementor-widget elementor-widget-text-editor\" data-id=\"ea0e092\" data-element_type=\"widget\" data-widget_type=\"text-editor.default\">\n\t\t\t\t<div class=\"elementor-widget-container\">\n\t\t\t\t\t\t\t\t\t<p>En el proceso de obtenci\u00f3n de informaci\u00f3n financiera contable el \u00e1rea encargada dentro de la empresa llega a requerir de asistencia personalizada que le permita resolver los problemas que enfrenta en dicho proceso, motivo por el cual personal de nuestra firma otorga la asesor\u00eda personalizada en la materia.<\/p>\t\t\t\t\t\t\t\t<\/div>\n\t\t\t\t<\/div>\n\t\t\t\t\t<\/div>\n\t\t<\/div>\n\t\t\t\t<div class=\"elementor-column elementor-col-33 elementor-top-column elementor-element elementor-element-280514e\" data-id=\"280514e\" data-element_type=\"column\">\n\t\t\t<div class=\"elementor-widget-wrap elementor-element-populated\">\n\t\t\t\t\t\t<div class=\"elementor-element elementor-element-c9d4ab2 elementor-view-default elementor-widget elementor-widget-icon\" data-id=\"c9d4ab2\" data-element_type=\"widget\" data-widget_type=\"icon.default\">\n\t\t\t\t<div class=\"elementor-widget-container\">\n\t\t\t\t\t\t\t<div class=\"elementor-icon-wrapper\">\n\t\t\t<div class=\"elementor-icon\">\n\t\t\t\t\t\t\t<i class=\"fa fa-shopping-basket\" aria-hidden=\"true\"><\/i>\n\t\t\t\t\t\t<\/div>\n\t\t<\/div>\n\t\t\t\t\t\t<\/div>\n\t\t\t\t<\/div>\n\t\t\t\t<div class=\"elementor-element elementor-element-b336ed6 elementor-widget elementor-widget-heading\" data-id=\"b336ed6\" data-element_type=\"widget\" data-widget_type=\"heading.default\">\n\t\t\t\t<div class=\"elementor-widget-container\">\n\t\t\t\t\t<h4 class=\"elementor-heading-title elementor-size-default\">De gesti\u00f3n<\/h4>\t\t\t\t<\/div>\n\t\t\t\t<\/div>\n\t\t\t\t<div class=\"elementor-element elementor-element-d76d09d elementor-widget elementor-widget-text-editor\" data-id=\"d76d09d\" data-element_type=\"widget\" data-widget_type=\"text-editor.default\">\n\t\t\t\t<div class=\"elementor-widget-container\">\n\t\t\t\t\t\t\t\t\t<p>La creaci\u00f3n de valor para las organizaciones a trav\u00e9s de la aplicaci\u00f3n del conocimiento, t\u00e9cnicas y recursos para mejorar el rendimiento del negocio. Esto se logra a trav\u00e9s de la prestaci\u00f3n de asesoramiento objetivo y la implementaci\u00f3n de soluciones de negocio<\/p>\t\t\t\t\t\t\t\t<\/div>\n\t\t\t\t<\/div>\n\t\t\t\t\t<\/div>\n\t\t<\/div>\n\t\t\t\t<div class=\"elementor-column elementor-col-33 elementor-top-column elementor-element elementor-element-546fce2\" data-id=\"546fce2\" data-element_type=\"column\">\n\t\t\t<div class=\"elementor-widget-wrap elementor-element-populated\">\n\t\t\t\t\t\t<div class=\"elementor-element elementor-element-f408caf elementor-view-default elementor-widget elementor-widget-icon\" data-id=\"f408caf\" data-element_type=\"widget\" data-widget_type=\"icon.default\">\n\t\t\t\t<div class=\"elementor-widget-container\">\n\t\t\t\t\t\t\t<div class=\"elementor-icon-wrapper\">\n\t\t\t<div class=\"elementor-icon\">\n\t\t\t\t\t\t\t<i class=\"fa fa-snowflake-o\" aria-hidden=\"true\"><\/i>\n\t\t\t\t\t\t<\/div>\n\t\t<\/div>\n\t\t\t\t\t\t<\/div>\n\t\t\t\t<\/div>\n\t\t\t\t<div class=\"elementor-element elementor-element-f3cdbf2 elementor-widget elementor-widget-heading\" data-id=\"f3cdbf2\" data-element_type=\"widget\" data-widget_type=\"heading.default\">\n\t\t\t\t<div class=\"elementor-widget-container\">\n\t\t\t\t\t<h4 class=\"elementor-heading-title elementor-size-default\">Operacionales<\/h4>\t\t\t\t<\/div>\n\t\t\t\t<\/div>\n\t\t\t\t<div class=\"elementor-element elementor-element-8f12d2e elementor-widget elementor-widget-text-editor\" data-id=\"8f12d2e\" data-element_type=\"widget\" data-widget_type=\"text-editor.default\">\n\t\t\t\t<div class=\"elementor-widget-container\">\n\t\t\t\t\t\t\t\t\t<p>Enfocar el trabajo, donde se busca el mejoramiento continuo de las actividades de una organizaci\u00f3n mediante la identificaci\u00f3n, selecci\u00f3n, descripci\u00f3n, documentaci\u00f3n y mejora continua de los procesos.<\/p>\t\t\t\t\t\t\t\t<\/div>\n\t\t\t\t<\/div>\n\t\t\t\t\t<\/div>\n\t\t<\/div>\n\t\t\t\t\t<\/div>\n\t\t<\/section>\n\t\t\t\t<section class=\"elementor-section elementor-top-section elementor-element elementor-element-1d367e4 elementor-section-boxed elementor-section-height-default elementor-section-height-default\" data-id=\"1d367e4\" data-element_type=\"section\">\n\t\t\t\t\t\t<div class=\"elementor-container elementor-column-gap-default\">\n\t\t\t\t\t<div class=\"elementor-column elementor-col-100 elementor-top-column elementor-element elementor-element-5452eef\" data-id=\"5452eef\" data-element_type=\"column\">\n\t\t\t<div class=\"elementor-widget-wrap elementor-element-populated\">\n\t\t\t\t\t\t<div class=\"elementor-element elementor-element-d7ee893 elementor-widget elementor-widget-text-editor\" data-id=\"d7ee893\" data-element_type=\"widget\" data-widget_type=\"text-editor.default\">\n\t\t\t\t<div class=\"elementor-widget-container\">\n\t\t\t\t\t\t\t\t\t<p>Asesoramiento a empresas y entidades p\u00fablicas en: estrategia gerencial ,estrategias financieras ,liderazgo ,desempe\u00f1o laboral ,clima organizacional y mercadeo,motivaci\u00f3n laboral ,proyecciones pensionales ,comunicaci\u00f3n laboral.<\/p>\t\t\t\t\t\t\t\t<\/div>\n\t\t\t\t<\/div>\n\t\t\t\t\t<\/div>\n\t\t<\/div>\n\t\t\t\t\t<\/div>\n\t\t<\/section>\n\t\t\t\t<\/div>\n\t\t","protected":false},"excerpt":{"rendered":"<p>Nuestros Servicios Somos un equipo de profesionales multidisciplinarios con un alto nivel acad&eacute;mico en la cual ayudamos en conjunto en la asesor&iacute;a para la realizaci&oacute;n de trabajos de grados, tesis de pregrado, posgrado, especializaci&oacute;n y doctorales a profesionales de diferentes disciplinas. Construimos desde cero Nuestros sistemas est&aacute;n construidos desde cero para proporcionar un rendimiento sin [&hellip;]<\/p>\n","protected":false},"author":1,"featured_media":0,"parent":0,"menu_order":0,"comment_status":"closed","ping_status":"closed","template":"elementor_header_footer","meta":{"zakra_sidebar_layout":"customizer","zakra_remove_content_margin":false,"zakra_sidebar":"customizer","zakra_transparent_header":"0","zakra_logo":0,"zakra_main_header_style":"default","zakra_menu_item_color":"","zakra_menu_item_hover_color":"","zakra_menu_item_active_color":"","zakra_menu_active_style":"","zakra_page_header":false,"footnotes":""},"class_list":["post-355","page","type-page","status-publish","hentry"],"yoast_head":"<!-- This site is optimized with the Yoast SEO Premium plugin v24.8 (Yoast SEO v25.1) - https:\/\/yoast.com\/wordpress\/plugins\/seo\/ -->\n<title>Servicios - Solujuridica<\/title>\n<meta name=\"robots\" content=\"index, follow, max-snippet:-1, max-image-preview:large, max-video-preview:-1\" \/>\n<link rel=\"canonical\" href=\"https:\/\/fexcelencia.com\/solujuridica\/servicios\/\" \/>\n<meta property=\"og:locale\" content=\"es_ES\" \/>\n<meta property=\"og:type\" content=\"article\" \/>\n<meta property=\"og:title\" content=\"Servicios\" \/>\n<meta property=\"og:description\" content=\"Nuestros Servicios Somos un equipo de profesionales multidisciplinarios con un alto nivel acad&eacute;mico en la cual ayudamos en conjunto en la asesor&iacute;a para la realizaci&oacute;n de trabajos de grados, tesis de pregrado, posgrado, especializaci&oacute;n y doctorales a profesionales de diferentes disciplinas. Construimos desde cero Nuestros sistemas est&aacute;n construidos desde cero para proporcionar un rendimiento sin [&hellip;]\" \/>\n<meta property=\"og:url\" content=\"https:\/\/fexcelencia.com\/solujuridica\/servicios\/\" \/>\n<meta property=\"og:site_name\" content=\"Solujuridica\" \/>\n<meta property=\"article:modified_time\" content=\"2020-08-04T07:59:49+00:00\" \/>\n<meta name=\"twitter:card\" content=\"summary_large_image\" \/>\n<meta name=\"twitter:label1\" content=\"Tiempo de lectura\" \/>\n\t<meta name=\"twitter:data1\" content=\"1 minuto\" \/>\n<script type=\"application\/ld+json\" class=\"yoast-schema-graph\">{\"@context\":\"https:\/\/schema.org\",\"@graph\":[{\"@type\":\"WebPage\",\"@id\":\"https:\/\/fexcelencia.com\/solujuridica\/servicios\/\",\"url\":\"https:\/\/fexcelencia.com\/solujuridica\/servicios\/\",\"name\":\"Servicios - Solujuridica\",\"isPartOf\":{\"@id\":\"https:\/\/fexcelencia.com\/solujuridica\/#website\"},\"datePublished\":\"2018-10-11T09:32:47+00:00\",\"dateModified\":\"2020-08-04T07:59:49+00:00\",\"breadcrumb\":{\"@id\":\"https:\/\/fexcelencia.com\/solujuridica\/servicios\/#breadcrumb\"},\"inLanguage\":\"es\",\"potentialAction\":[{\"@type\":\"ReadAction\",\"target\":[\"https:\/\/fexcelencia.com\/solujuridica\/servicios\/\"]}]},{\"@type\":\"BreadcrumbList\",\"@id\":\"https:\/\/fexcelencia.com\/solujuridica\/servicios\/#breadcrumb\",\"itemListElement\":[{\"@type\":\"ListItem\",\"position\":1,\"name\":\"Home\",\"item\":\"https:\/\/fexcelencia.com\/solujuridica\/\"},{\"@type\":\"ListItem\",\"position\":2,\"name\":\"Servicios\"}]},{\"@type\":\"WebSite\",\"@id\":\"https:\/\/fexcelencia.com\/solujuridica\/#website\",\"url\":\"https:\/\/fexcelencia.com\/solujuridica\/\",\"name\":\"Asedelcaribe\",\"description\":\"Asesor\u00edas Profesionales del Caribe\",\"publisher\":{\"@id\":\"https:\/\/fexcelencia.com\/solujuridica\/#organization\"},\"potentialAction\":[{\"@type\":\"SearchAction\",\"target\":{\"@type\":\"EntryPoint\",\"urlTemplate\":\"https:\/\/fexcelencia.com\/solujuridica\/?s={search_term_string}\"},\"query-input\":{\"@type\":\"PropertyValueSpecification\",\"valueRequired\":true,\"valueName\":\"search_term_string\"}}],\"inLanguage\":\"es\"},{\"@type\":\"Organization\",\"@id\":\"https:\/\/fexcelencia.com\/solujuridica\/#organization\",\"name\":\"Asedelcaribe\",\"url\":\"https:\/\/fexcelencia.com\/solujuridica\/\",\"logo\":{\"@type\":\"ImageObject\",\"inLanguage\":\"es\",\"@id\":\"https:\/\/fexcelencia.com\/solujuridica\/#\/schema\/logo\/image\/\",\"url\":\"https:\/\/fexcelencia.com\/solujuridica\/wp-content\/uploads\/2021\/10\/cropped-cropped-Logo-SOLUJURIDICA.jpg\",\"contentUrl\":\"https:\/\/fexcelencia.com\/solujuridica\/wp-content\/uploads\/2021\/10\/cropped-cropped-Logo-SOLUJURIDICA.jpg\",\"width\":512,\"height\":512,\"caption\":\"Asedelcaribe\"},\"image\":{\"@id\":\"https:\/\/fexcelencia.com\/solujuridica\/#\/schema\/logo\/image\/\"}}]}<\/script>\n<!-- \/ Yoast SEO Premium plugin. -->","yoast_head_json":{"title":"Servicios - Solujuridica","robots":{"index":"index","follow":"follow","max-snippet":"max-snippet:-1","max-image-preview":"max-image-preview:large","max-video-preview":"max-video-preview:-1"},"canonical":"https:\/\/fexcelencia.com\/solujuridica\/servicios\/","og_locale":"es_ES","og_type":"article","og_title":"Servicios","og_description":"Nuestros Servicios Somos un equipo de profesionales multidisciplinarios con un alto nivel acad&eacute;mico en la cual ayudamos en conjunto en la asesor&iacute;a para la realizaci&oacute;n de trabajos de grados, tesis de pregrado, posgrado, especializaci&oacute;n y doctorales a profesionales de diferentes disciplinas. Construimos desde cero Nuestros sistemas est&aacute;n construidos desde cero para proporcionar un rendimiento sin [&hellip;]","og_url":"https:\/\/fexcelencia.com\/solujuridica\/servicios\/","og_site_name":"Solujuridica","article_modified_time":"2020-08-04T07:59:49+00:00","twitter_card":"summary_large_image","twitter_misc":{"Tiempo de lectura":"1 minuto"},"schema":{"@context":"https:\/\/schema.org","@graph":[{"@type":"WebPage","@id":"https:\/\/fexcelencia.com\/solujuridica\/servicios\/","url":"https:\/\/fexcelencia.com\/solujuridica\/servicios\/","name":"Servicios - Solujuridica","isPartOf":{"@id":"https:\/\/fexcelencia.com\/solujuridica\/#website"},"datePublished":"2018-10-11T09:32:47+00:00","dateModified":"2020-08-04T07:59:49+00:00","breadcrumb":{"@id":"https:\/\/fexcelencia.com\/solujuridica\/servicios\/#breadcrumb"},"inLanguage":"es","potentialAction":[{"@type":"ReadAction","target":["https:\/\/fexcelencia.com\/solujuridica\/servicios\/"]}]},{"@type":"BreadcrumbList","@id":"https:\/\/fexcelencia.com\/solujuridica\/servicios\/#breadcrumb","itemListElement":[{"@type":"ListItem","position":1,"name":"Home","item":"https:\/\/fexcelencia.com\/solujuridica\/"},{"@type":"ListItem","position":2,"name":"Servicios"}]},{"@type":"WebSite","@id":"https:\/\/fexcelencia.com\/solujuridica\/#website","url":"https:\/\/fexcelencia.com\/solujuridica\/","name":"Asedelcaribe","description":"Asesor\u00edas Profesionales del Caribe","publisher":{"@id":"https:\/\/fexcelencia.com\/solujuridica\/#organization"},"potentialAction":[{"@type":"SearchAction","target":{"@type":"EntryPoint","urlTemplate":"https:\/\/fexcelencia.com\/solujuridica\/?s={search_term_string}"},"query-input":{"@type":"PropertyValueSpecification","valueRequired":true,"valueName":"search_term_string"}}],"inLanguage":"es"},{"@type":"Organization","@id":"https:\/\/fexcelencia.com\/solujuridica\/#organization","name":"Asedelcaribe","url":"https:\/\/fexcelencia.com\/solujuridica\/","logo":{"@type":"ImageObject","inLanguage":"es","@id":"https:\/\/fexcelencia.com\/solujuridica\/#\/schema\/logo\/image\/","url":"https:\/\/fexcelencia.com\/solujuridica\/wp-content\/uploads\/2021\/10\/cropped-cropped-Logo-SOLUJURIDICA.jpg","contentUrl":"https:\/\/fexcelencia.com\/solujuridica\/wp-content\/uploads\/2021\/10\/cropped-cropped-Logo-SOLUJURIDICA.jpg","width":512,"height":512,"caption":"Asedelcaribe"},"image":{"@id":"https:\/\/fexcelencia.com\/solujuridica\/#\/schema\/logo\/image\/"}}]}},"_links":{"self":[{"href":"https:\/\/fexcelencia.com\/solujuridica\/wp-json\/wp\/v2\/pages\/355","targetHints":{"allow":["GET"]}}],"collection":[{"href":"https:\/\/fexcelencia.com\/solujuridica\/wp-json\/wp\/v2\/pages"}],"about":[{"href":"https:\/\/fexcelencia.com\/solujuridica\/wp-json\/wp\/v2\/types\/page"}],"author":[{"embeddable":true,"href":"https:\/\/fexcelencia.com\/solujuridica\/wp-json\/wp\/v2\/users\/1"}],"replies":[{"embeddable":true,"href":"https:\/\/fexcelencia.com\/solujuridica\/wp-json\/wp\/v2\/comments?post=355"}],"version-history":[{"count":0,"href":"https:\/\/fexcelencia.com\/solujuridica\/wp-json\/wp\/v2\/pages\/355\/revisions"}],"wp:attachment":[{"href":"https:\/\/fexcelencia.com\/solujuridica\/wp-json\/wp\/v2\/media?parent=355"}],"curies":[{"name":"wp","href":"https:\/\/api.w.org\/{rel}","templated":true}]}}